{"id":533,"date":"2020-05-25T14:59:34","date_gmt":"2020-05-25T14:59:34","guid":{"rendered":"https:\/\/karinwetzel.de\/?page_id=533"},"modified":"2025-12-05T15:57:30","modified_gmt":"2025-12-05T15:57:30","slug":"solo","status":"publish","type":"page","link":"https:\/\/karinwetzel.de\/en\/kompositionen\/solo\/","title":{"rendered":"Solo"},"content":{"rendered":"\n<h3 class=\"wp-block-heading\">Three dyadic movements<\/h3>\n\n\n\n<p class=\"wp-embed-aspect-16-9 wp-has-aspect-ratio\">for Alto Flute, 2022\/24<\/p>\n\n\n\n<p class=\"wp-embed-aspect-16-9 wp-has-aspect-ratio\">Rafal Zolkos, Alto Flute<br>3.03.2024, Time Art Studio, Taichung<\/p>\n\n\n\n<h3 class=\"wp-block-heading\">Dividuum<\/h3>\n\n\n\n<p>for violin solo, 2019\/20<br>WP: Mateusz Szczepkowski<br>28.3.2022, Theater Rigiblick, Zurich<\/p>\n\n\n\n<h3 class=\"wp-block-heading\">Mud<\/h3>\n\n\n\n<p>for violin solo, 2019\/20<\/p>\n\n\n\n<h3 class=\"wp-block-heading\">Vid<\/h3>\n\n\n\n<p>for violine solo, 2019\/20<\/p>\n\n\n\n<h3 class=\"wp-block-heading\">H\/dden Piece<\/h3>\n\n\n\n<p class=\"wp-embed-aspect-16-9 wp-has-aspect-ratio\">for recorder, 2017<br>from <em>X-Pieces<\/em><\/p>\n\n\n\n<p class=\"wp-embed-aspect-16-9 wp-has-aspect-ratio\">Lydia Dietrich, tenor recorder<br>28.03.2022, Theater Rigiblick Zurich<\/p>\n\n\n\n<h3 class=\"wp-block-heading\">H\\dden Piece<\/h3>\n\n\n\n<div class=\"wp-block-columns is-layout-flex wp-container-core-columns-is-layout-9d6595d7 wp-block-columns-is-layout-flex\">\n<div class=\"wp-block-column is-layout-flow wp-block-column-is-layout-flow\">\n<p>for recorder, 2017<br>from <em>X-Pieces<\/em><\/p>\n\n\n\n<p>WP: Laura Kalchofner, tenor recorder<br>07.04.2021, Zurich University of the Arts<\/p>\n<\/div>\n\n\n\n<div class=\"wp-block-column is-layout-flow wp-block-column-is-layout-flow\">\n<figure class=\"wp-block-embed is-type-video is-provider-youtube wp-block-embed-youtube wp-embed-aspect-16-9 wp-has-aspect-ratio\"><div class=\"wp-block-embed__wrapper\">\n<div class=\"jetpack-video-wrapper\"><iframe loading=\"lazy\" title=\"Hdden Piece\" width=\"640\" height=\"360\" src=\"https:\/\/www.youtube.com\/embed\/O6GALjdLHi4?feature=oembed\" frameborder=\"0\" allow=\"accelerometer; autoplay; clipboard-write; encrypted-media; gyroscope; picture-in-picture; web-share\" referrerpolicy=\"strict-origin-when-cross-origin\" allowfullscreen><\/iframe><\/div>\n<\/div><\/figure>\n<\/div>\n<\/div>\n\n\n\n<h3 class=\"wp-block-heading\">Backslash<\/h3>\n\n\n\n<div class=\"wp-block-columns is-layout-flex wp-container-core-columns-is-layout-9d6595d7 wp-block-columns-is-layout-flex\">\n<div class=\"wp-block-column is-layout-flow wp-block-column-is-layout-flow\">\n<p>for recorder, 2017<br>from <em>X-Pieces<\/em><\/p>\n\n\n\n<p>WP: Laura Kalchofner, tenor recorder<br>29.11.2018, Lange Nacht der Zeitgen\u00f6ssischen Musik, Zurich, Toni-Areal<\/p>\n<\/div>\n\n\n\n<div class=\"wp-block-column is-layout-flow wp-block-column-is-layout-flow\">\n<figure class=\"wp-block-embed alignleft is-type-video is-provider-youtube wp-block-embed-youtube wp-embed-aspect-16-9 wp-has-aspect-ratio\"><div class=\"wp-block-embed__wrapper\">\n<div class=\"jetpack-video-wrapper\"><iframe loading=\"lazy\" title=\"Backslash\" width=\"640\" height=\"360\" src=\"https:\/\/www.youtube.com\/embed\/D-EJUqBzo8o?feature=oembed\" frameborder=\"0\" allow=\"accelerometer; autoplay; clipboard-write; encrypted-media; gyroscope; picture-in-picture; web-share\" referrerpolicy=\"strict-origin-when-cross-origin\" allowfullscreen><\/iframe><\/div>\n<\/div><\/figure>\n\n\n\n<div class=\"wp-block-columns is-layout-flex wp-container-core-columns-is-layout-9d6595d7 wp-block-columns-is-layout-flex\">\n<div class=\"wp-block-column is-layout-flow wp-block-column-is-layout-flow\"><\/div>\n\n\n\n<div class=\"wp-block-column is-layout-flow wp-block-column-is-layout-flow\"><\/div>\n<\/div>\n<\/div>\n<\/div>\n\n\n\n<h3 class=\"wp-block-heading\">Slash<\/h3>\n\n\n\n<div class=\"wp-block-columns is-layout-flex wp-container-core-columns-is-layout-9d6595d7 wp-block-columns-is-layout-flex\">\n<div class=\"wp-block-column is-layout-flow wp-block-column-is-layout-flow\">\n<p>for recorder, 2017<br>from <em>X-Pieces<\/em><\/p>\n\n\n\n<p>WP: Lydia Dietrich, tenor recorder<br>12.4.2019, Doktorandenforum Zhdk, Z\u00fcrich<\/p>\n<\/div>\n\n\n\n<div class=\"wp-block-column is-layout-flow wp-block-column-is-layout-flow\"><div class=\"audioplayer\"><img data-recalc-dims=\"1\" decoding=\"async\" class=\"showimage\" src=\"https:\/\/i0.wp.com\/karinwetzel.de\/wp-content\/uploads\/2020\/05\/recorder-hands.jpg?w=640&#038;ssl=1\"><div class=\"player\" id=\"player69e60cc733dc9\">\r\n                <div class=\"track-controls\">\r\n                    <svg class=\"btn-play\" xmlns=\"http:\/\/www.w3.org\/2000\/svg\" viewBox=\"0 0 24 24\" fill=\"\" width=\"4em\" height=\"4em\"><path d=\"M8 5v14l11-7z\"\/><path d=\"M0 0h24v24H0z\" fill=\"none\"\/><\/svg>\r\n                    <svg class=\"btn-pause\" xmlns=\"http:\/\/www.w3.org\/2000\/svg\" viewBox=\"0 0 24 24\" fill=\"\" width=\"4em\" height=\"4em\"><path d=\"M6 19h4V5H6v14zm8-14v14h4V5h-4z\"\/><path d=\"M0 0h24v24H0z\" fill=\"none\"\/><\/svg>\r\n                <\/div>\r\n                <div class=\"track-information\">\r\n                    <span class=\"title\">Slash<\/span>\r\n                    <span class=\"subtitle\">from X-Pieces<\/span>\r\n                <\/div>\r\n                <div class=\"advanced-controls\">\r\n                    <svg class=\"btn-stop\" xmlns=\"http:\/\/www.w3.org\/2000\/svg\" viewBox=\"0 0 24 24\" fill=\"\" width=\"1.25em\" height=\"1.25em\"><path d=\"M0 0h24v24H0z\" fill=\"none\"\/><path d=\"M6 6h12v12H6z\"\/><\/svg>\r\n                    <span class=\"time\"><\/span>\r\n                    <svg class=\"btn-vol-down\" xmlns=\"http:\/\/www.w3.org\/2000\/svg\" viewBox=\"0 0 24 24\" fill=\"\" width=\"1.25em\" height=\"1.25em\"><path d=\"M18.5 12c0-1.77-1.02-3.29-2.5-4.03v8.05c1.48-.73 2.5-2.25 2.5-4.02zM5 9v6h4l5 5V4L9 9H5z\"\/><path d=\"M0 0h24v24H0z\" fill=\"none\"\/><\/svg>\r\n                    <span class=\"vol-value\"><\/span>\r\n                    <svg class=\"btn-vol-up\" xmlns=\"http:\/\/www.w3.org\/2000\/svg\" viewBox=\"0 0 24 24\" fill=\"\" width=\"1.25em\" height=\"1.25em\"><path d=\"M3 9v6h4l5 5V4L7 9H3zm13.5 3c0-1.77-1.02-3.29-2.5-4.03v8.05c1.48-.73 2.5-2.25 2.5-4.02zM14 3.23v2.06c2.89.86 5 3.54 5 6.71s-2.11 5.85-5 6.71v2.06c4.01-.91 7-4.49 7-8.77s-2.99-7.86-7-8.77z\"\/><path d=\"M0 0h24v24H0z\" fill=\"none\"\/><\/svg>\r\n                <\/div>\r\n            <\/div>\r\n        <\/div>\r\n        <script>\r\n            var player = createSimpleAudioplayer(\"player69e60cc733dc9\", \"https:\/\/karinwetzel.de\/wp-content\/uploads\/2020\/05\/Slash.mp3\", \"https:\/\/karinwetzel.de\/wp-content\/uploads\/2020\/05\/Slash.ogg\");\r\n            if(typeof(SimpleAudioplayers) === \"undefined\") {\r\n                var SimpleAudioplayers = new Array();\r\n                SimpleAudioplayers.push(player);\r\n            } else {\r\n                SimpleAudioplayers.push(player);\r\n            }\r\n        <\/script>\r\n    \n<\/div>\n<\/div>\n\n\n\n<h3 class=\"wp-block-heading\">Amorphose<\/h3>\n\n\n\n<p>for Guitar, 2011<\/p>\n\n\n\n<p>WP: <a rel=\"noreferrer noopener\" href=\"http:\/\/www.evabeneke.com\/\" target=\"_blank\">Eve Beneke<\/a>, Guitar<br>06.08.2011, Literary Arts Center Beyond Baroque, Los Angeles, USA<\/p>\n\n\n\n<h3 class=\"wp-block-heading\">Schattensaite<\/h3>\n\n\n\n<p>foe Cello, 2007\/08<\/p>\n\n\n\n<p>WP: <a rel=\"noreferrer noopener\" href=\"http:\/\/www.niklasseidl.eu\/niklasseidl.eu\/bnjour.html\" target=\"_blank\">Niklas Seidl<\/a>, Cello<br>22.5.2009, HMT Leipzig<\/p>\n\n\n\n<h3 class=\"wp-block-heading\">Inflammation<\/h3>\n\n\n\n<div class=\"wp-block-columns is-layout-flex wp-container-core-columns-is-layout-9d6595d7 wp-block-columns-is-layout-flex\">\n<div class=\"wp-block-column is-layout-flow wp-block-column-is-layout-flow\">\n<p>for Cello, 2005\/06<\/p>\n\n\n\n<p>WP: <a rel=\"noreferrer noopener\" href=\"http:\/\/www.niklasseidl.eu\/niklasseidl.eu\/bnjour.html\" target=\"_blank\">Niklas Seidl<\/a>, Cello<br>19.04.2006, Stadtbibliothek Leipzig<\/p>\n<\/div>\n\n\n\n<div class=\"wp-block-column is-layout-flow wp-block-column-is-layout-flow\"><div class=\"audioplayer no-image\"><div class=\"player\" id=\"player69e60cc733e32\">\r\n                <div class=\"track-controls\">\r\n                    <svg class=\"btn-play\" xmlns=\"http:\/\/www.w3.org\/2000\/svg\" viewBox=\"0 0 24 24\" fill=\"\" width=\"4em\" height=\"4em\"><path d=\"M8 5v14l11-7z\"\/><path d=\"M0 0h24v24H0z\" fill=\"none\"\/><\/svg>\r\n                    <svg class=\"btn-pause\" xmlns=\"http:\/\/www.w3.org\/2000\/svg\" viewBox=\"0 0 24 24\" fill=\"\" width=\"4em\" height=\"4em\"><path d=\"M6 19h4V5H6v14zm8-14v14h4V5h-4z\"\/><path d=\"M0 0h24v24H0z\" fill=\"none\"\/><\/svg>\r\n                <\/div>\r\n                <div class=\"track-information\">\r\n                    <span class=\"title\">Inflammation<\/span>\r\n                    <span class=\"subtitle\"><\/span>\r\n                <\/div>\r\n                <div class=\"advanced-controls\">\r\n                    <svg class=\"btn-stop\" xmlns=\"http:\/\/www.w3.org\/2000\/svg\" viewBox=\"0 0 24 24\" fill=\"\" width=\"1.25em\" height=\"1.25em\"><path d=\"M0 0h24v24H0z\" fill=\"none\"\/><path d=\"M6 6h12v12H6z\"\/><\/svg>\r\n                    <span class=\"time\"><\/span>\r\n                    <svg class=\"btn-vol-down\" xmlns=\"http:\/\/www.w3.org\/2000\/svg\" viewBox=\"0 0 24 24\" fill=\"\" width=\"1.25em\" height=\"1.25em\"><path d=\"M18.5 12c0-1.77-1.02-3.29-2.5-4.03v8.05c1.48-.73 2.5-2.25 2.5-4.02zM5 9v6h4l5 5V4L9 9H5z\"\/><path d=\"M0 0h24v24H0z\" fill=\"none\"\/><\/svg>\r\n                    <span class=\"vol-value\"><\/span>\r\n                    <svg class=\"btn-vol-up\" xmlns=\"http:\/\/www.w3.org\/2000\/svg\" viewBox=\"0 0 24 24\" fill=\"\" width=\"1.25em\" height=\"1.25em\"><path d=\"M3 9v6h4l5 5V4L7 9H3zm13.5 3c0-1.77-1.02-3.29-2.5-4.03v8.05c1.48-.73 2.5-2.25 2.5-4.02zM14 3.23v2.06c2.89.86 5 3.54 5 6.71s-2.11 5.85-5 6.71v2.06c4.01-.91 7-4.49 7-8.77s-2.99-7.86-7-8.77z\"\/><path d=\"M0 0h24v24H0z\" fill=\"none\"\/><\/svg>\r\n                <\/div>\r\n            <\/div>\r\n        <\/div>\r\n        <script>\r\n            var player = createSimpleAudioplayer(\"player69e60cc733e32\", \"https:\/\/karinwetzel.de\/wp-content\/uploads\/2020\/05\/Inflammation.mp3\", \"https:\/\/karinwetzel.de\/wp-content\/uploads\/2020\/05\/Inflammation.ogg\");\r\n            if(typeof(SimpleAudioplayers) === \"undefined\") {\r\n                var SimpleAudioplayers = new Array();\r\n                SimpleAudioplayers.push(player);\r\n            } else {\r\n                SimpleAudioplayers.push(player);\r\n            }\r\n        <\/script>\r\n    \n<\/div>\n<\/div>\n\n\n\n<h3 class=\"wp-block-heading\">Variationen \u00fcber Harangvir\u00e1g von Gy\u00f6rgy Kurt\u00e1g<\/h3>\n\n\n\n<div class=\"wp-block-columns is-layout-flex wp-container-core-columns-is-layout-9d6595d7 wp-block-columns-is-layout-flex\">\n<div class=\"wp-block-column is-layout-flow wp-block-column-is-layout-flow\">\n<p>for piano, 2004\/2005<\/p>\n\n\n\n<p>WP: Alicia Torrea Goiechea, piano<br>15.05.2008, HMT Leipzig<\/p>\n<\/div>\n\n\n\n<div class=\"wp-block-column is-layout-flow wp-block-column-is-layout-flow\"><\/div>\n<\/div>\n\n\n\n<p><\/p>\n","protected":false},"excerpt":{"rendered":"<p>Three dyadic movements for Alto Flute, 2022\/24 Rafal Zolkos, Alto Flute3.03.2024, Time Art Studio, Taichung Dividuum for violin solo, 2019\/20WP: Mateusz Szczepkowski28.3.2022, Theater Rigiblick, Zurich Mud for violin solo, 2019\/20 Vid for violine solo, 2019\/20 H\/dden Piece for recorder, 2017from X-Pieces Lydia Dietrich, tenor recorder28.03.2022, Theater Rigiblick Zurich H\\dden Piece for recorder, 2017from X-Pieces WP: Laura Kalchofner, tenor [&hellip;]<\/p>\n","protected":false},"author":1,"featured_media":0,"parent":84,"menu_order":0,"comment_status":"closed","ping_status":"closed","template":"","meta":{"_EventAllDay":false,"_EventTimezone":"","_EventStartDate":"","_EventEndDate":"","_EventStartDateUTC":"","_EventEndDateUTC":"","_EventShowMap":false,"_EventShowMapLink":false,"_EventURL":"","_EventCost":"","_EventCostDescription":"","_EventCurrencySymbol":"","_EventCurrencyCode":"","_EventCurrencyPosition":"","_EventDateTimeSeparator":"","_EventTimeRangeSeparator":"","_EventOrganizerID":[],"_EventVenueID":[],"_OrganizerEmail":"","_OrganizerPhone":"","_OrganizerWebsite":"","_VenueAddress":"","_VenueCity":"","_VenueCountry":"","_VenueProvince":"","_VenueState":"","_VenueZip":"","_VenuePhone":"","_VenueURL":"","_VenueStateProvince":"","_VenueLat":"","_VenueLng":"","_VenueShowMap":false,"_VenueShowMapLink":false,"footnotes":""},"class_list":["post-533","page","type-page","status-publish","hentry"],"featured_image_src":null,"jetpack_sharing_enabled":false,"jetpack_likes_enabled":false,"jetpack_shortlink":"https:\/\/wp.me\/Pc2bSE-8B","_links":{"self":[{"href":"https:\/\/karinwetzel.de\/en\/wp-json\/wp\/v2\/pages\/533","targetHints":{"allow":["GET"]}}],"collection":[{"href":"https:\/\/karinwetzel.de\/en\/wp-json\/wp\/v2\/pages"}],"about":[{"href":"https:\/\/karinwetzel.de\/en\/wp-json\/wp\/v2\/types\/page"}],"author":[{"embeddable":true,"href":"https:\/\/karinwetzel.de\/en\/wp-json\/wp\/v2\/users\/1"}],"replies":[{"embeddable":true,"href":"https:\/\/karinwetzel.de\/en\/wp-json\/wp\/v2\/comments?post=533"}],"version-history":[{"count":77,"href":"https:\/\/karinwetzel.de\/en\/wp-json\/wp\/v2\/pages\/533\/revisions"}],"predecessor-version":[{"id":2146,"href":"https:\/\/karinwetzel.de\/en\/wp-json\/wp\/v2\/pages\/533\/revisions\/2146"}],"up":[{"embeddable":true,"href":"https:\/\/karinwetzel.de\/en\/wp-json\/wp\/v2\/pages\/84"}],"wp:attachment":[{"href":"https:\/\/karinwetzel.de\/en\/wp-json\/wp\/v2\/media?parent=533"}],"curies":[{"name":"wp","href":"https:\/\/api.w.org\/{rel}","templated":true}]}}