{"id":528,"date":"2020-05-25T14:26:13","date_gmt":"2020-05-25T14:26:13","guid":{"rendered":"https:\/\/karinwetzel.de\/?page_id=528"},"modified":"2020-05-27T15:07:50","modified_gmt":"2020-05-27T15:07:50","slug":"impressum-datenschutz","status":"publish","type":"page","link":"https:\/\/karinwetzel.de\/en\/impressum-datenschutz\/","title":{"rendered":"Impressum &#038; Datenschutz"},"content":{"rendered":"\n<p style=\"font-size:6px\">Betreiber der Seite: Karin Wetzel, <a href=\"http:\/\/www.karin-wetzel.de\">www.karin-wetzel.de<\/a>. Rechtshinweis: \u00a9 <a href=\"http:\/\/www.karin-wetzel.de\">www.karinwetzel.de<\/a>, 2020. Alle Rechte vorbehalten.&nbsp;Insbesondere d\u00fcrfen Nachdruck, Aufnahme in Online-Dienste, Internet&nbsp;und Vervielf\u00e4ltigung auf Datentr\u00e4ger wie CD-ROM, DVD-ROM etc,&nbsp;auch auszugsweise, nur nach vorheriger Schriftlicher Zustimmung erfolgen. www.karin-wetzel.de haftet nicht f\u00fcr unverlangt eingesandte Inhalte, Manuskripte und Fotos. F\u00fcr Inhalte externer Links und fremde Inhalte \u00fcbernimmt www.karin-wetzel.de keine Verantwortung.&nbsp;<\/p>\n\n\n\n<p style=\"font-size:6px\"><strong>Haftungsausschluss<\/strong><br>Der Autor \u00fcbernimmt keinerlei Gew\u00e4hr hinsichtlich der inhaltlichen Richtigkeit, Genauigkeit, Aktualit\u00e4t, Zuverl\u00e4ssigkeit und Vollst\u00e4ndigkeit der Informationen. Haftungsanspr\u00fcche gegen den Autor wegen Sch\u00e4den materieller oder immaterieller Art, welche aus dem Zugriff oder der Nutzung bzw. Nichtnutzung der ver\u00f6ffentlichten Informationen, durch Missbrauch der Verbindung oder durch technische St\u00f6rungen entstanden sind, werden ausgeschlossen. Alle Angebote sind unverbindlich. Der Autor beh\u00e4lt es sich ausdr\u00fccklich vor, Teile der Seiten oder das gesamte Angebot ohne besondere Ank\u00fcndigung zu ver\u00e4ndern, zu erg\u00e4nzen, zu l\u00f6schen oder die Ver\u00f6ffentlichung zeitweise oder endg\u00fcltig einzustellen.<br><strong>Haftungsausschluss f\u00fcr Links<\/strong><br>Verweise und Links auf Webseiten Dritter liegen ausserhalb unseres Verantwortungsbereichs. Es wird jegliche Verantwortung f\u00fcr solche Webseiten abgelehnt. Der Zugriff und die Nutzung solcher Webseiten erfolgen auf eigene Gefahr des jeweiligen Nutzers.<br><strong>Urheberrechte<\/strong><br>Die Urheber- und alle anderen Rechte an Inhalten, Bildern, Fotos oder anderen Dateien auf dieser Website, geh\u00f6ren ausschliesslich <strong>Karin Wetzel<\/strong> oder den speziell genannten Rechteinhabern. F\u00fcr die Reproduktion jeglicher Elemente ist die schriftliche Zustimmung des Urheberrechtstr\u00e4gers im Voraus einzuholen.<br>Quelle: <a rel=\"noreferrer noopener\" href=\"https:\/\/www.swissanwalt.ch\" target=\"_blank\">SwissAnwalt<\/a><\/p>\n\n\n\n<p style=\"font-size:6px\"><strong>Datenschutzerkl\u00e4rung<\/strong><br>Verantwortliche Stelle im Sinne der Datenschutzgesetze, insbesondere der EU-Datenschutzgrundverordnung (DSGVO), ist:<br>WebSite: http:\/\/www.karinwetzel.de\/<br>Allgemeiner Hinweis<br>Gest\u00fctzt auf Artikel 13 der schweizerischen Bundesverfassung und den datenschutzrechtlichen Bestimmungen des Bundes (Datenschutzgesetz, DSG) hat jede Person Anspruch auf Schutz ihrer Privatsph\u00e4re sowie auf Schutz vor Missbrauch ihrer pers\u00f6nlichen Daten. Die Betreiber dieser Seiten nehmen den Schutz Ihrer pers\u00f6nlichen Daten sehr ernst. Wir behandeln Ihre personenbezogenen Daten vertraulich und entsprechend der gesetzlichen Datenschutzvorschriften sowie dieser Datenschutzerkl\u00e4rung.In Zusammenarbeit mit unseren Hosting-Providern bem\u00fchen wir uns, die Datenbanken so gut wie m\u00f6glich vor fremden Zugriffen, Verlusten, Missbrauch oder vor F\u00e4lschung zu sch\u00fctzen. Wir weisen darauf hin, dass die Daten\u00fcbertragung im Internet (z.B. bei der Kommunikation per E-Mail) Sicherheitsl\u00fccken aufweisen kann. Ein l\u00fcckenloser Schutz der Daten vor dem Zugriff durch Dritte ist nicht m\u00f6glich. Durch die Nutzung dieser Website erkl\u00e4ren Sie sich mit der Erhebung, Verarbeitung und Nutzung von Daten gem\u00e4ss der nachfolgenden Beschreibung einverstanden. Diese Website kann grunds\u00e4tzlich ohne Registrierung besucht werden. Dabei werden Daten wie beispielsweise aufgerufene Seiten bzw. Namen der abgerufenen Datei, Datum und Uhrzeit zu statistischen Zwecken auf dem Server gespeichert, ohne dass diese Daten unmittelbar auf Ihre Person bezogen werden. Personenbezogene Daten, insbesondere Name, Adresse oder E-Mail-Adresse werden soweit m\u00f6glich auf freiwilliger Basis erhoben. Ohne Ihre Einwilligung erfolgt keine Weitergabe der Daten an Dritte.<br>Datenschutzerkl\u00e4rung f\u00fcr Cookies<br>Diese Website verwendet Cookies. Das sind kleine Textdateien, die es m\u00f6glich machen, auf dem Endger\u00e4t des Nutzers spezifische, auf den Nutzer bezogene Informationen zu speichern, w\u00e4hrend er die Website nutzt. Cookies erm\u00f6glichen es, insbesondere Nutzungsh\u00e4ufigkeit und Nutzeranzahl der Seiten zu ermitteln, Verhaltensweisen der Seitennutzung zu analysieren, aber auch unser Angebot kundenfreundlicher zu gestalten. Cookies bleiben \u00fcber das Ende einer Browser-Sitzung gespeichert und k\u00f6nnen bei einem erneuten Seitenbesuch wieder aufgerufen werden. Wenn Sie das nicht w\u00fcnschen, sollten Sie Ihren Internetbrowser so einstellen, dass er die Annahme von Cookies verweigert.Ein genereller Widerspruch gegen den Einsatz der zu Zwecken des Onlinemarketing eingesetzten Cookies kann bei einer Vielzahl der Dienste, vor allem im Fall des Trackings, \u00fcber die US-amerikanische Seite <a rel=\"noreferrer noopener\" href=\"http:\/\/www.aboutads.info\/choices\/\" target=\"_blank\">http:\/\/www.aboutads.info\/choices\/<\/a> oder die EU-Seite <a rel=\"noreferrer noopener\" href=\"http:\/\/www.youronlinechoices.com\/\" target=\"_blank\">http:\/\/www.youronlinechoices.com\/<\/a> erkl\u00e4rt werden. Des Weiteren kann die Speicherung von Cookies mittels deren Abschaltung in den Einstellungen des Browsers erreicht werden. Bitte beachten Sie, dass dann gegebenenfalls nicht alle Funktionen dieses Onlineangebotes genutzt werden k\u00f6nnen.<br>Datenschutzerkl\u00e4rung f\u00fcr SSL-\/TLS-Verschl\u00fcsselung<br>Diese Website nutzt aus Gr\u00fcnden der Sicherheit und zum Schutz der \u00dcbertragung vertraulicher Inhalte, wie zum Beispiel der Anfragen, die Sie an uns als Seitenbetreiber senden, eine SSL-\/TLS-Verschl\u00fcsselung. Eine verschl\u00fcsselte Verbindung erkennen Sie daran, dass die Adresszeile des Browsers von &#8220;http:\/\/&#8221; auf &#8220;https:\/\/&#8221; wechselt und an dem Schloss-Symbol in Ihrer Browserzeile. Wenn die SSL bzw. TLS Verschl\u00fcsselung aktiviert ist, k\u00f6nnen die Daten, die Sie an uns \u00fcbermitteln, nicht von Dritten mitgelesen werden.<br>Dienste von Dritten<br>Diese Website verwenden allenfalls Google Maps f\u00fcr das Einbetten von Karten, Google Invisible reCAPTCHA f\u00fcr den Schutz gegen Bots und Spam sowie YouTube f\u00fcr das Einbetten von Videos. Diese Dienste der amerikanischen Google LLC verwenden unter anderem Cookies und infolgedessen werden Daten an Google in den USA \u00fcbertragen, wobei wir davon ausgehen, dass in diesem Rahmen kein personenbezogenes Tracking allein durch die Nutzung unserer Website stattfindet. Google hat sich verpflichtet, einen angemessenen Datenschutz gem\u00e4ss dem amerikanisch-europ\u00e4ischen und dem amerikanisch-schweizerischen Privacy Shield zu gew\u00e4hrleisten. Weitere Informationen finden sich in der <a rel=\"noreferrer noopener\" href=\"https:\/\/policies.google.com\/privacy?hl=de\" target=\"_blank\">Datenschutzerkl\u00e4rung von Google<\/a>.<br>Rechte betroffener Personen<br><strong>Recht auf Best\u00e4tigung<\/strong><br>Jede betroffene Person hat das Recht, vom Betreiber der Website eine Best\u00e4tigung dar\u00fcber zu verlangen, ob betroffene Personen betreffende, personenbezogene Daten verarbeitet werden. M\u00f6chten Sie dieses Best\u00e4tigungsrecht in Anspruch nehmen, k\u00f6nnen Sie sich hierzu jederzeit an den Datenschutzbeauftragten wenden.<br><strong>Recht auf Auskunft<\/strong><br>Jede von der Verarbeitung betroffene Person mit personenbezogenen Daten hat das Recht, jederzeit vom Betreiber dieser Website unentgeltliche Auskunft \u00fcber die zu seiner Person gespeicherten personenbezogenen Daten und eine Kopie dieser Auskunft zu erhalten. Ferner kann gegebenenfalls \u00fcber folgende Informationen Auskunft gegeben werden:die Verarbeitungszwecke<br>-die Kategorien personenbezogener Daten, die verarbeitet werden<br>-die Empf\u00e4nger, gegen\u00fcber denen die personenbezogenen Daten offengelegt worden sind oder noch offengelegt werden<br>-falls m\u00f6glich, die geplante Dauer, f\u00fcr die die personenbezogenen Daten gespeichert werden, oder, falls dies nicht m\u00f6glich ist, die Kriterien f\u00fcr die Festlegung dieser Dauer<br>-das Bestehen eines Rechts auf Berichtigung oder L\u00f6schung der sie betreffenden personenbezogenen Daten oder auf Einschr\u00e4nkung der Verarbeitung durch den Verantwortlichen oder eines Widerspruchsrechts gegen diese Verarbeitung<br>-das Bestehen eines Beschwerderechts bei einer Aufsichtsbeh\u00f6rde<br>-wenn die personenbezogenen Daten nicht bei der betroffenen Person erhoben werden: Alle verf\u00fcgbaren Informationen \u00fcber die Herkunft der Daten<br>-Ferner steht der betroffenen Person ein Auskunftsrecht dar\u00fcber zu, ob personenbezogene Daten an ein Drittland oder an eine internationale Organisation \u00fcbermittelt wurden. Sofern dies der Fall ist, so steht der betroffenen Person im \u00fcbrigen das Recht zu, Auskunft \u00fcber die geeigneten Garantien im Zusammenhang mit der \u00fcbermittlung zu erhalten.<br>M\u00f6chten Sie dieses Auskunftsrecht in Anspruch nehmen, k\u00f6nnen Sie sich hierzu jederzeit an unseren Datenschutzbeauftragten wenden.<br><strong>Recht auf Berichtigung<\/strong><br>Jede von der Verarbeitung personenbezogener Daten betroffene Person hat das Recht, die unverz\u00fcgliche Berichtigung sie betreffender unrichtiger personenbezogener Daten zu verlangen. Ferner steht der betroffenen Person das Recht zu, unter Ber\u00fccksichtigung der Zwecke der Verarbeitung, die Vervollst\u00e4ndigung unvollst\u00e4ndiger personenbezogener Daten &#8211; auch mittels einer erg\u00e4nzenden Erkl\u00e4rung &#8211; zu verlangen.<br>M\u00f6chten Sie dieses Berichtigungsrecht in Anspruch nehmen, k\u00f6nnen Sie sich hierzu jederzeit an unseren Datenschutzbeauftragten wenden.<br><strong>Recht auf L\u00f6schung (Recht auf Vergessen werden)<\/strong><br>Jede von der Verarbeitung personenbezogener Daten betroffene Person hat das Recht, von dem Verantwortlichen dieser Website zu verlangen, dass die sie betreffenden personenbezogenen Daten unverz\u00fcglich gel\u00f6scht werden, sofern einer der folgenden Gr\u00fcnde zutrifft und soweit die Verarbeitung nicht erforderlich ist:Die personenbezogenen Daten wurden f\u00fcr solche Zwecke erhoben oder auf sonstige Weise verarbeitet, f\u00fcr welche sie nicht mehr notwendig sind. <br>-Die betroffene Person widerruft ihre Einwilligung, auf die sich die Verarbeitung st\u00fctzte, und es fehlt an einer anderweitigen Rechtsgrundlage f\u00fcr die Verarbeitung. <br>-Die betroffene Person legt aus Gr\u00fcnden, die sich aus ihrer besonderen Situation ergeben, Widerspruch gegen die Verarbeitung ein und es liegen keine vorrangigen berechtigten Gr\u00fcnde f\u00fcr die Verarbeitung vor, oder die betroffene Person legt im Falle von Direktwerbung und damit verbundenem Profiling Widerspruch gegen die Verarbeitung ein<br>-Die personenbezogenen Daten wurden unrechtm\u00e4ssig verarbeitet<br>-Die L\u00f6schung der personenbezogenen Daten ist zur Erf\u00fcllung einer rechtlichen Verpflichtung nach dem Unionsrecht oder dem Recht der Mitgliedstaaten erforderlich, dem der Verantwortliche unterliegt<br>-Die personenbezogenen Daten wurden in Bezug auf angebotene Dienste der Informationsgesellschaft, die einem Kind direkt gemacht wurden, erhoben<br>Sofern einer der oben genannten Gr\u00fcnde zutrifft und Sie die L\u00f6schung von personenbezogenen Daten, die beimBetreiber dieser Website gespeichert sind, veranlassen m\u00f6chten, k\u00f6nnen Sie sich hierzu jederzeit an unseren Datenschutzbeauftragten wenden. Der Datenschutzbeauftragte dieser Website wird veranlassen, dass dem L\u00f6schverlangen unverz\u00fcglich nachgekommen wird.<br><strong>Recht auf Einschr\u00e4nkung der Verarbeitung<\/strong><br>Jede von der Verarbeitung personenbezogener Daten betroffene Person hat das Recht, von dem Verantwortlichen dieser Website die Einschr\u00e4nkung der Verarbeitung zu verlangen, wenn eine der folgenden Voraussetzungen gegeben ist:Die Richtigkeit der personenbezogenen Daten wird von der betroffenen Person bestritten, und zwar f\u00fcr eine Dauer, die es dem Verantwortlichen erm\u00f6glicht, die Richtigkeit der personenbezogenen Daten zu \u00fcberpr\u00fcfen. Die Verarbeitung ist unrechtm\u00e4ssig, die betroffene Person lehnt die L\u00f6schung der personenbezogenen Daten ab und verlangt stattdessen die Einschr\u00e4nkung der Nutzung der personenbezogenen Daten. Der Verantwortliche ben\u00f6tigt die personenbezogenen Daten f\u00fcr die Zwecke der Verarbeitung nicht l\u00e4nger, die betroffene Person ben\u00f6tigt sie jedoch zur Geltendmachung, Aus\u00fcbung oder Verteidigung von Rechtsanspr\u00fcchen. Die betroffene Person hat aus Gr\u00fcnden, die sich aus ihrer besonderen Situation ergeben, Widerspruch gegen die Verarbeitung eingelegt und es steht noch nicht fest, ob die berechtigten Gr\u00fcnde des Verantwortlichen gegen\u00fcber denen der betroffenen Person \u00fcberwiegen. Sofern eine der oben genannten Voraussetzungen gegeben ist Sie die Einschr\u00e4nkung von personenbezogenen Daten, die beim Betreiber dieser Website gespeichert sind, verlangen m\u00f6chten, k\u00f6nnen Sie sich hierzu jederzeit an unseren Datenschutzbeauftragten wenden. Der Datenschutzbeauftragte dieser Website wird die Einschr\u00e4nkung der Verarbeitung veranlassen.<br><strong>Recht auf Daten\u00fcbertragbarkeit<\/strong><br>Jede von der Verarbeitung personenbezogener Daten betroffene Person hat das Recht, die sie betreffenden personenbezogenen Daten in einem strukturierten, g\u00e4ngigen und maschinenlesbaren Format zu erhalten. Sie hat ausserdem das Recht, dass diese Daten bei Vorliegen der gesetzlichen Voraussetzungen einem anderen Verantwortlichen \u00fcbermittelt werden. Ferner hat die betroffene Person das Recht, zu erwirken, dass die personenbezogenen Daten direkt von einem Verantwortlichen an einen anderen Verantwortlichen \u00fcbermittelt werden, soweit dies technisch machbar ist und sofern hiervon nicht die Rechte und Freiheiten anderer Personen beeintr\u00e4chtigt werden. Zur Geltendmachung des Rechts auf Daten\u00fcbertragbarkeit k\u00f6nnen Sie sich jederzeit an den vom Betreiber dieser Website bestellten Datenschutzbeauftragten wenden.<br><strong>Recht auf Widerspruch<\/strong><br>Jede von der Verarbeitung personenbezogener Daten betroffene Person hat das Recht, aus Gr\u00fcnden, die sich aus ihrer besonderen Situation ergeben, jederzeit gegen die Verarbeitung sie betreffender personenbezogener Daten, Widerspruch einzulegen. Der Betreiber dieser Website verarbeitet die personenbezogenen Daten im Falle des Widerspruchs nicht mehr, es sei denn, wir k\u00f6nnen zwingende schutzw\u00fcrdige Gr\u00fcnde f\u00fcr die Verarbeitung nachweisen, die den Interessen, Rechten und Freiheiten der betroffenen Person \u00fcberwiegen, oder wenn die Verarbeitung der Geltendmachung, Aus\u00fcbung oder Verteidigung von Rechtsanspr\u00fcchen dient. Zur Aus\u00fcbung des Rechts auf Widerspruch k\u00f6nnen Sie sich direkt an den Datenschutzbeauftragten dieser Website wenden.<br><strong>Recht auf Widerruf einer datenschutzrechtlichen Einwilligung<\/strong><br>Jede von der Verarbeitung personenbezogener Daten betroffene Person hat das Recht, eine abgegebene Einwilligung zur Verarbeitung personenbezogener Daten jederzeit zu widerrufen. M\u00f6chten Sie Ihr Recht auf Widerruf einer Einwilligung geltend machen, k\u00f6nnen Sie sich hierzu jederzeit an unseren Datenschutzbeauftragten wenden.<br><strong>Datenschutzerkl\u00e4rung f\u00fcr Widerspruch Werbe-Mails<\/strong><br>Der Nutzung von im Rahmen der Impressumspflicht ver\u00f6ffentlichten Kontaktdaten zur \u00dcbersendung von nicht ausdr\u00fccklich angeforderter Werbung und Informationsmaterialien wird hiermit widersprochen. Die Betreiber der Seiten behalten sich ausdr\u00fccklich rechtliche Schritte im Falle der unverlangten Zusendung von Werbeinformationen, etwa durch Spam-E-Mails, vor.<br><strong>Datenschutzerkl\u00e4rung f\u00fcr YouTube<\/strong><br>Auf dieser Website sind Funktionen des Dienstes \u00abYouTube\u00bb eingebunden. \u00abYouTube\u00bb geh\u00f6rt der Google Ireland Limited, einer nach irischem Recht eingetragenen und betriebenen Gesellschaft mit Sitz in Gordon House, Barrow Street, Dublin 4, Irland, welche die Dienste im Europ\u00e4ischen Wirtschaftsraum und der Schweiz betreibt. Ihre rechtliche Vereinbarung mit \u00abYouTube\u00bb besteht aus den unter folgendem Link zu entnehmenden Bestimmungen und Bedingungen: <a rel=\"noreferrer noopener\" href=\"https:\/\/www.youtube.com\/static?gl=DE&#038;template=terms&#038;hl=de\" target=\"_blank\">https:\/\/www.youtube.com\/static?gl=de&#038;template=terms&#038;hl=de<\/a>. Diese Bestimmungen bilden eine rechtlich bindende Vereinbarung zwischen Ihnen und \u00abYouTube\u00bb bez\u00fcglich der Nutzung der Dienste. In der Datenschutzerkl\u00e4rung von Google wird erl\u00e4utert, wie \u00abYouTube\u00bb mit Ihren personenbezogenen Daten verf\u00e4hrt und Ihre Daten sch\u00fctzt, wenn Sie den Dienst nutzen.<br><strong>Datenschutzerkl\u00e4rung f\u00fcr Vimeo<\/strong><br>Auf dieser Website sind Plugins des Videoportals Vimeo der Vimeo, LLC, 555 West 18th Street, New York, New York 10011, USA eingebunden. Bei jedem Aufruf einer Seite, die ein oder mehrere Vimeo-Videoclips anbietet, wird eine direkte Verbindung zwischen Ihrem Browser und einem Server von Vimeo in den USA hergestellt. Dabei werden Informationen \u00fcber Ihren Besuch und Ihre IP-Adresse dort gespeichert. Durch Interaktionen mit den Vimeo Plugins (z.B. Klicken des Start-Buttons) werden diese Informationen ebenfalls an Vimeo \u00fcbermittelt und dort gespeichert. Die Datenschutzerkl\u00e4rung f\u00fcr Vimeo mit n\u00e4heren Informationen zur Erhebung und Nutzung Ihrer Daten durch Vimeo finden Sie in der <a href=\"http:\/\/vimeo.com\/privacy\">Datenschutzerkl\u00e4rung von Vimeo<\/a>. Wenn Sie ein Vimeo-Benutzerkonto haben und nicht m\u00f6chten, dass Vimeo \u00fcber diese Website Daten \u00fcber Sie sammelt und mit Ihren bei Vimeo gespeicherten Mitgliedsdaten verkn\u00fcpft, m\u00fcssen Sie sich vor Ihrem Besuch dieser Website bei Vimeo ausloggen. Ausserdem ruft Vimeo \u00fcber einen iFrame, in dem das Video aufgerufen wird, den Tracker Google Analytics auf. Dabei handelt es sich um ein eigenes Tracking von Vimeo, auf das wir keinen Zugriff haben. Sie k\u00f6nnen das Tracking durch Google Analytics unterbinden, indem Sie die Deaktivierungs-Tools einsetzen, die Google f\u00fcr einige Internet-Browser anbietet. Sie k\u00f6nnen dar\u00fcber hinaus die Erfassung der durch Google Analytics erzeugten und auf ihre Nutzung der Website bezogenen Daten (inkl. Ihrer IP-Adresse) an Google sowie die Verarbeitung dieser Daten durch Google verhindern, indem Sie das unter dem folgenden Link verf\u00fcgbare Browser-Plugin herunterladen und installieren: <a href=\"https:\/\/tools.google.com\/dlpage\/gaoptout?hl=de\">https:\/\/tools.google.com\/dlpage\/gaoptout?hl=de<\/a><br><strong>Urheberrechte<\/strong><br>Die Urheber- und alle anderen Rechte an Inhalten, Bildern, Fotos oder anderen Dateien auf der Website, geh\u00f6ren ausschliesslich dem Betreiber dieser Website oder den speziell genannten Rechteinhabern. F\u00fcr die Reproduktion von s\u00e4mtlichen Dateien, ist die schriftliche Zustimmung des Urheberrechtstr\u00e4gers im Voraus einzuholen. Wer ohne Einwilligung des jeweiligen Rechteinhabers eine Urheberrechtsverletzung begeht, kann sich strafbar und allenfalls schadenersatzpflichtig machen.<br>A<strong>llgemeiner Haftungsausschluss<\/strong><br>Alle Angaben unseres Internetangebotes wurden sorgf\u00e4ltig gepr\u00fcft. Wir bem\u00fchen uns, unser Informationsangebot aktuell, inhaltlich richtig und vollst\u00e4ndig anzubieten. Trotzdem kann das Auftreten von Fehlern nicht v\u00f6llig ausgeschlossen werden, womit wir keine Garantie f\u00fcr Vollst\u00e4ndigkeit, Richtigkeit und Aktualit\u00e4t von Informationen auch journalistisch-redaktioneller Art \u00fcbernehmen k\u00f6nnen. Haftungsanspr\u00fcche aus Sch\u00e4den materieller oder ideeller Art, die durch die Nutzung der angebotenen Informationen verursacht wurden, sind ausgeschlossen, sofern kein nachweislich vors\u00e4tzliches oder grob fahrl\u00e4ssiges Verschulden vorliegt. Der Herausgeber kann nach eigenem Ermessen und ohne Ank\u00fcndigung Texte ver\u00e4ndern oder l\u00f6schen und ist nicht verpflichtet, Inhalte dieser Website zu aktualisieren. Die Benutzung bzw. der Zugang zu dieser Website geschieht auf eigene Gefahr des Besuchers. Der Herausgeber, seine Auftraggeber oder Partner sind nicht verantwortlich f\u00fcr Sch\u00e4den, wie direkte, indirekte, zuf\u00e4llige, vorab konkret zu bestimmende oder Folgesch\u00e4den, die angeblich durch den Besuch dieser Website entstanden sind und \u00fcbernehmen hierf\u00fcr folglich keine Haftung. Der Herausgeber \u00fcbernimmt ebenfalls keine Verantwortung und Haftung f\u00fcr die Inhalte und die Verf\u00fcgbarkeit von Website Dritter, die \u00fcber externe Links dieser Website erreichbar sind. F\u00fcr den Inhalt der verlinkten Seiten sind ausschliesslich deren Betreiber verantwortlich. Der Herausgeber distanziert sich damit ausdr\u00fccklich von allen Inhalten Dritter, die m\u00f6glicherweise straf- oder haftungsrechtlich relevant sind oder gegen die guten Sitten verstossen.<br><strong>\u00c4nderungen<\/strong><br>Wir k\u00f6nnen diese Datenschutzerkl\u00e4rung jederzeit ohne Vorank\u00fcndigung anpassen. Es gilt die jeweils aktuelle, auf unserer Website publizierte Fassung. Soweit die Datenschutzerkl\u00e4rung Teil einer Vereinbarung mit Ihnen ist, werden wir Sie im Falle einer Aktualisierung \u00fcber die \u00c4nderung per E-Mail oder auf andere geeignete Weise informieren.<\/p>\n\n\n\n<p style=\"font-size:6px\">Z\u00fcrich, 27.05.2020<br>Quelle: <a href=\"https:\/\/www.swissanwalt.ch\" target=\"_blank\" rel=\"noreferrer noopener\">SwissAnwalt<\/a><\/p>\n\n\n\n<p><\/p>\n","protected":false},"excerpt":{"rendered":"<p>Betreiber der Seite: Karin Wetzel, www.karin-wetzel.de. Rechtshinweis: \u00a9 www.karinwetzel.de, 2020. Alle Rechte vorbehalten.&nbsp;Insbesondere d\u00fcrfen Nachdruck, Aufnahme in Online-Dienste, Internet&nbsp;und Vervielf\u00e4ltigung auf Datentr\u00e4ger wie CD-ROM, DVD-ROM etc,&nbsp;auch auszugsweise, nur nach vorheriger Schriftlicher Zustimmung erfolgen. www.karin-wetzel.de haftet nicht f\u00fcr unverlangt eingesandte Inhalte, Manuskripte und Fotos. F\u00fcr Inhalte externer Links und fremde Inhalte \u00fcbernimmt www.karin-wetzel.de keine Verantwortung.&nbsp; HaftungsausschlussDer Autor \u00fcbernimmt keinerlei [&hellip;]<\/p>\n","protected":false},"author":1,"featured_media":0,"parent":0,"menu_order":0,"comment_status":"closed","ping_status":"closed","template":"","meta":{"_EventAllDay":false,"_EventTimezone":"","_EventStartDate":"","_EventEndDate":"","_EventStartDateUTC":"","_EventEndDateUTC":"","_EventShowMap":false,"_EventShowMapLink":false,"_EventURL":"","_EventCost":"","_EventCostDescription":"","_EventCurrencySymbol":"","_EventCurrencyCode":"","_EventCurrencyPosition":"","_EventDateTimeSeparator":"","_EventTimeRangeSeparator":"","_EventOrganizerID":[],"_EventVenueID":[],"_OrganizerEmail":"","_OrganizerPhone":"","_OrganizerWebsite":"","_VenueAddress":"","_VenueCity":"","_VenueCountry":"","_VenueProvince":"","_VenueState":"","_VenueZip":"","_VenuePhone":"","_VenueURL":"","_VenueStateProvince":"","_VenueLat":"","_VenueLng":"","_VenueShowMap":false,"_VenueShowMapLink":false,"footnotes":""},"class_list":["post-528","page","type-page","status-publish","hentry"],"featured_image_src":null,"jetpack_sharing_enabled":false,"jetpack_likes_enabled":false,"jetpack_shortlink":"https:\/\/wp.me\/Pc2bSE-8w","_links":{"self":[{"href":"https:\/\/karinwetzel.de\/en\/wp-json\/wp\/v2\/pages\/528","targetHints":{"allow":["GET"]}}],"collection":[{"href":"https:\/\/karinwetzel.de\/en\/wp-json\/wp\/v2\/pages"}],"about":[{"href":"https:\/\/karinwetzel.de\/en\/wp-json\/wp\/v2\/types\/page"}],"author":[{"embeddable":true,"href":"https:\/\/karinwetzel.de\/en\/wp-json\/wp\/v2\/users\/1"}],"replies":[{"embeddable":true,"href":"https:\/\/karinwetzel.de\/en\/wp-json\/wp\/v2\/comments?post=528"}],"version-history":[{"count":12,"href":"https:\/\/karinwetzel.de\/en\/wp-json\/wp\/v2\/pages\/528\/revisions"}],"predecessor-version":[{"id":766,"href":"https:\/\/karinwetzel.de\/en\/wp-json\/wp\/v2\/pages\/528\/revisions\/766"}],"wp:attachment":[{"href":"https:\/\/karinwetzel.de\/en\/wp-json\/wp\/v2\/media?parent=528"}],"curies":[{"name":"wp","href":"https:\/\/api.w.org\/{rel}","templated":true}]}}